{"id":9944,"date":"2023-07-17T13:52:06","date_gmt":"2023-07-17T13:52:06","guid":{"rendered":"https:\/\/alfayazilim.com.tr\/esterno\/?page_id=9944"},"modified":"2023-07-18T07:35:58","modified_gmt":"2023-07-18T07:35:58","slug":"tepe-betopan","status":"publish","type":"page","link":"https:\/\/www.esterno.com.tr\/index.php\/online-dokuman\/tepe-betopan\/","title":{"rendered":"Tepe Betopan"},"content":{"rendered":"\t\t<div data-elementor-type=\"wp-page\" data-elementor-id=\"9944\" class=\"elementor elementor-9944\" data-elementor-post-type=\"page\">\n\t\t\t\t\t\t\t        <section class=\"elementor-section elementor-top-section elementor-element elementor-element-0aac974 elementor-section-boxed elementor-section-height-default elementor-section-height-default ct-header-fixed-none ct-column-none ct-row-scroll-none ct-row-gradient--none\" data-id=\"0aac974\" data-element_type=\"section\">\n            \n                        <div class=\"elementor-container elementor-column-gap-default \">\n                    <div class=\"elementor-column elementor-col-100 elementor-top-column elementor-element elementor-element-0b7039d ct-column-none col-offset-none col-color-offset-none\" data-id=\"0b7039d\" data-element_type=\"column\">\n            <div class=\"elementor-widget-wrap elementor-element-populated\">\n                        \t\t<div class=\"elementor-element elementor-element-4d2b7d3 elementor-widget elementor-widget-text-editor\" data-id=\"4d2b7d3\" data-element_type=\"widget\" data-widget_type=\"text-editor.default\">\n\t\t\t\t<div class=\"elementor-widget-container\">\n\t\t\t<style>\/*! elementor - v3.14.0 - 26-06-2023 *\/\n.elementor-widget-text-editor.elementor-drop-cap-view-stacked .elementor-drop-cap{background-color:#69727d;color:#fff}.elementor-widget-text-editor.elementor-drop-cap-view-framed .elementor-drop-cap{color:#69727d;border:3px solid;background-color:transparent}.elementor-widget-text-editor:not(.elementor-drop-cap-view-default) .elementor-drop-cap{margin-top:8px}.elementor-widget-text-editor:not(.elementor-drop-cap-view-default) .elementor-drop-cap-letter{width:1em;height:1em}.elementor-widget-text-editor .elementor-drop-cap{float:left;text-align:center;line-height:1;font-size:50px}.elementor-widget-text-editor .elementor-drop-cap-letter{display:inline-block}<\/style>\t\t\t\t<table class=\"table table-striped\"><tbody><tr><th class=\"col-xs-1\" scope=\"row\">1<\/th><td class=\"col-xs-8\">Tepe Unique Pro Katalog<\/td><td class=\"col-xs-3 ta-center\"><a title=\"Dosyay\u0131 \u0130ndir\" href=\"https:\/\/www.betopan.com.tr\/media\/download\/f79d4e-202ad2-d52a1a-tepe-unique-pro-katalogtr-10.pdf\" target=\"_blank\" rel=\"noopener\" download=\"f79d4e-202ad2-d52a1a-tepe-unique-pro-katalogtr-10.pdf\"><i class=\"fa fa-download\" aria-hidden=\"true\"><\/i><span class=\"hidden-xs\">\u00a0Dosyay\u0131 \u0130ndir<\/span><\/a><\/td><\/tr><tr><th class=\"col-xs-1\" scope=\"row\">2<\/th><td class=\"col-xs-8\">Betopan\u00ae Bro\u015f\u00fcr<\/td><td class=\"col-xs-3 ta-center\"><a title=\"Dosyay\u0131 \u0130ndir\" href=\"https:\/\/www.betopan.com.tr\/media\/download\/71bd00-betopan-brosur-tr.pdf\" target=\"_blank\" rel=\"noopener\" download=\"71bd00-betopan-brosur-tr.pdf\"><i class=\"fa fa-download\" aria-hidden=\"true\"><\/i><span class=\"hidden-xs\">\u00a0Dosyay\u0131 \u0130ndir<\/span><\/a><\/td><\/tr><tr><th class=\"col-xs-1\" scope=\"row\">3<\/th><td class=\"col-xs-8\">Betopanplus\u00ae Grubu \u00dcr\u00fcnler Bro\u015f\u00fcr<\/td><td class=\"col-xs-3 ta-center\"><a title=\"Dosyay\u0131 \u0130ndir\" href=\"https:\/\/www.betopan.com.tr\/media\/download\/26e496-betopan-plus-tr.pdf\" target=\"_blank\" rel=\"noopener\" download=\"26e496-betopan-plus-tr.pdf\"><i class=\"fa fa-download\" aria-hidden=\"true\"><\/i><span class=\"hidden-xs\">\u00a0Dosyay\u0131 \u0130ndir<\/span><\/a><\/td><\/tr><tr><th class=\"col-xs-1\" scope=\"row\">4<\/th><td class=\"col-xs-8\">tepePAN\u00ae Grubu \u00dcr\u00fcnler Bro\u015f\u00fcr<\/td><td class=\"col-xs-3 ta-center\"><a title=\"Dosyay\u0131 \u0130ndir\" href=\"https:\/\/www.betopan.com.tr\/media\/download\/e04022-tepepan-tr.pdf\" target=\"_blank\" rel=\"noopener\" download=\"e04022-tepepan-tr.pdf\"><i class=\"fa fa-download\" aria-hidden=\"true\"><\/i><span class=\"hidden-xs\">\u00a0Dosyay\u0131 \u0130ndir<\/span><\/a><\/td><\/tr><tr><th class=\"col-xs-1\" scope=\"row\">5<\/th><td class=\"col-xs-8\">tepePAN Roof Bro\u015f\u00fcr<\/td><td class=\"col-xs-3 ta-center\"><a title=\"Dosyay\u0131 \u0130ndir\" href=\"https:\/\/www.betopan.com.tr\/media\/download\/0ae261-tepepan-roof-tr-web-2.pdf\" target=\"_blank\" rel=\"noopener\" download=\"0ae261-tepepan-roof-tr-web-2.pdf\"><i class=\"fa fa-download\" aria-hidden=\"true\"><\/i><span class=\"hidden-xs\">\u00a0Dosyay\u0131 \u0130ndir<\/span><\/a><\/td><\/tr><tr><th class=\"col-xs-1\" scope=\"row\">6<\/th><td class=\"col-xs-8\">Tepe Unique\u00ae Pro Bro\u015f\u00fcr<\/td><td class=\"col-xs-3 ta-center\"><a title=\"Dosyay\u0131 \u0130ndir\" href=\"https:\/\/www.betopan.com.tr\/media\/download\/a10e93-tepeuniquepro-brosur-tr-web.pdf\" target=\"_blank\" rel=\"noopener\" download=\"a10e93-tepeuniquepro-brosur-tr-web.pdf\"><i class=\"fa fa-download\" aria-hidden=\"true\"><\/i><span class=\"hidden-xs\">\u00a0Dosyay\u0131 \u0130ndir<\/span><\/a><\/td><\/tr><tr><th class=\"col-xs-1\" scope=\"row\">7<\/th><td class=\"col-xs-8\">Referans Katalog<\/td><td class=\"col-xs-3 ta-center\"><a title=\"Dosyay\u0131 \u0130ndir\" href=\"https:\/\/www.betopan.com.tr\/media\/download\/48decd-0ae261-tepepan-roof-tr-web-2-1.pdf\" target=\"_blank\" rel=\"noopener\" download=\"48decd-0ae261-tepepan-roof-tr-web-2-1.pdf\"><i class=\"fa fa-download\" aria-hidden=\"true\"><\/i><span class=\"hidden-xs\">\u00a0Dosyay\u0131 \u0130ndir<\/span><\/a><\/td><\/tr><tr><th class=\"col-xs-1\" scope=\"row\">8<\/th><td class=\"col-xs-8\">FireEx Bro\u015f\u00fcr<\/td><td class=\"col-xs-3 ta-center\"><a title=\"Dosyay\u0131 \u0130ndir\" href=\"https:\/\/www.betopan.com.tr\/media\/download\/fe12e4-fireex-katalog.pdf\" target=\"_blank\" rel=\"noopener\" download=\"fe12e4-fireex-katalog.pdf\"><i class=\"fa fa-download\" aria-hidden=\"true\"><\/i><span class=\"hidden-xs\">\u00a0Dosyay\u0131 \u0130ndir<\/span><\/a><\/td><\/tr><tr><th class=\"col-xs-1\" scope=\"row\">9<\/th><td class=\"col-xs-8\">Teknik Katalog<\/td><td class=\"col-xs-3 ta-center\"><a title=\"Dosyay\u0131 \u0130ndir\" href=\"https:\/\/www.betopan.com.tr\/media\/download\/a27383-tepebetopan-teknik-katalog-duzenlenmis-39.pdf\" target=\"_blank\" rel=\"noopener\" download=\"a27383-tepebetopan-teknik-katalog-duzenlenmis-39.pdf\"><i class=\"fa fa-download\" aria-hidden=\"true\"><\/i><span class=\"hidden-xs\">\u00a0Dosyay\u0131 \u0130ndir<\/span><\/a><\/td><\/tr><\/tbody><\/table>\t\t\t\t\t\t<\/div>\n\t\t\t\t<\/div>\n\t\t            <\/div>\n        <\/div>\n                            <\/div>\n        <\/section>\n        \t\t\t\t\t<\/div>\n\t\t","protected":false},"excerpt":{"rendered":"<p>1 Tepe Unique Pro Katalog \u00a0Dosyay\u0131 \u0130ndir 2 Betopan\u00ae Bro\u015f\u00fcr \u00a0Dosyay\u0131 \u0130ndir 3 Betopanplus\u00ae Grubu \u00dcr\u00fcnler Bro\u015f\u00fcr \u00a0Dosyay\u0131 \u0130ndir 4 tepePAN\u00ae Grubu \u00dcr\u00fcnler Bro\u015f\u00fcr \u00a0Dosyay\u0131 \u0130ndir 5 tepePAN Roof Bro\u015f\u00fcr \u00a0Dosyay\u0131 \u0130ndir 6 Tepe Unique\u00ae Pro Bro\u015f\u00fcr \u00a0Dosyay\u0131 \u0130ndir 7 Referans Katalog \u00a0Dosyay\u0131 \u0130ndir 8 FireEx Bro\u015f\u00fcr \u00a0Dosyay\u0131 \u0130ndir 9 Teknik Katalog \u00a0Dosyay\u0131 \u0130ndir<\/p>\n","protected":false},"author":1,"featured_media":0,"parent":9942,"menu_order":0,"comment_status":"closed","ping_status":"closed","template":"","meta":{"footnotes":""},"class_list":["post-9944","page","type-page","status-publish","hentry"],"_links":{"self":[{"href":"https:\/\/www.esterno.com.tr\/index.php\/wp-json\/wp\/v2\/pages\/9944","targetHints":{"allow":["GET"]}}],"collection":[{"href":"https:\/\/www.esterno.com.tr\/index.php\/wp-json\/wp\/v2\/pages"}],"about":[{"href":"https:\/\/www.esterno.com.tr\/index.php\/wp-json\/wp\/v2\/types\/page"}],"author":[{"embeddable":true,"href":"https:\/\/www.esterno.com.tr\/index.php\/wp-json\/wp\/v2\/users\/1"}],"replies":[{"embeddable":true,"href":"https:\/\/www.esterno.com.tr\/index.php\/wp-json\/wp\/v2\/comments?post=9944"}],"version-history":[{"count":4,"href":"https:\/\/www.esterno.com.tr\/index.php\/wp-json\/wp\/v2\/pages\/9944\/revisions"}],"predecessor-version":[{"id":10231,"href":"https:\/\/www.esterno.com.tr\/index.php\/wp-json\/wp\/v2\/pages\/9944\/revisions\/10231"}],"up":[{"embeddable":true,"href":"https:\/\/www.esterno.com.tr\/index.php\/wp-json\/wp\/v2\/pages\/9942"}],"wp:attachment":[{"href":"https:\/\/www.esterno.com.tr\/index.php\/wp-json\/wp\/v2\/media?parent=9944"}],"curies":[{"name":"wp","href":"https:\/\/api.w.org\/{rel}","templated":true}]}}