{"id":9970,"date":"2023-07-17T14:05:09","date_gmt":"2023-07-17T14:05:09","guid":{"rendered":"https:\/\/alfayazilim.com.tr\/esterno\/?page_id=9970"},"modified":"2023-07-18T13:53:19","modified_gmt":"2023-07-18T13:53:19","slug":"betopan","status":"publish","type":"page","link":"https:\/\/www.esterno.com.tr\/index.php\/urunler\/tepe-betopan\/cimentolu-yonga-levhalar\/betopan\/","title":{"rendered":"Betopan\u00ae"},"content":{"rendered":"\t\t<div data-elementor-type=\"wp-page\" data-elementor-id=\"9970\" class=\"elementor elementor-9970\" data-elementor-post-type=\"page\">\n\t\t\t\t\t\t\t        <section class=\"elementor-section elementor-top-section elementor-element elementor-element-a345991 elementor-section-full_width elementor-section-stretched elementor-section-height-default elementor-section-height-default ct-header-fixed-none ct-column-none ct-row-scroll-none ct-row-gradient--none ct-container-none\" data-id=\"a345991\" data-element_type=\"section\" data-settings=\"{&quot;background_background&quot;:&quot;classic&quot;,&quot;stretch_section&quot;:&quot;section-stretched&quot;}\">\n            \n                        <div class=\"elementor-container elementor-column-gap-default \">\n                    <div class=\"elementor-column elementor-col-100 elementor-top-column elementor-element elementor-element-9763153 ct-column-none col-offset-none col-color-offset-none\" data-id=\"9763153\" data-element_type=\"column\">\n            <div class=\"elementor-widget-wrap elementor-element-populated\">\n                        \t\t<div class=\"elementor-element elementor-element-cd8572a elementor-widget elementor-widget-heading\" data-id=\"cd8572a\" data-element_type=\"widget\" data-widget_type=\"heading.default\">\n\t\t\t\t<div class=\"elementor-widget-container\">\n\t\t\t<style>\/*! elementor - v3.14.0 - 26-06-2023 *\/\n.elementor-heading-title{padding:0;margin:0;line-height:1}.elementor-widget-heading .elementor-heading-title[class*=elementor-size-]>a{color:inherit;font-size:inherit;line-height:inherit}.elementor-widget-heading .elementor-heading-title.elementor-size-small{font-size:15px}.elementor-widget-heading .elementor-heading-title.elementor-size-medium{font-size:19px}.elementor-widget-heading .elementor-heading-title.elementor-size-large{font-size:29px}.elementor-widget-heading .elementor-heading-title.elementor-size-xl{font-size:39px}.elementor-widget-heading .elementor-heading-title.elementor-size-xxl{font-size:59px}<\/style><h2 class=\"elementor-heading-title elementor-size-default\">\u00ae<\/h2>\t\t<\/div>\n\t\t\t\t<\/div>\n\t\t\t\t<div class=\"elementor-element elementor-element-d3290c4 elementor-widget elementor-widget-image\" data-id=\"d3290c4\" data-element_type=\"widget\" data-widget_type=\"image.default\">\n\t\t\t\t<div class=\"elementor-widget-container\">\n\t\t\t<style>\/*! elementor - v3.14.0 - 26-06-2023 *\/\n.elementor-widget-image{text-align:center}.elementor-widget-image a{display:inline-block}.elementor-widget-image a img[src$=\".svg\"]{width:48px}.elementor-widget-image img{vertical-align:middle;display:inline-block}<\/style>\t\t\t\t\t\t\t\t\t\t\t\t<img decoding=\"async\" width=\"1920\" height=\"500\" src=\"https:\/\/www.esterno.com.tr\/wp-content\/uploads\/2023\/07\/353b1c-betopan.png\" class=\"attachment-full size-full wp-image-9976\" alt=\"\" srcset=\"https:\/\/www.esterno.com.tr\/wp-content\/uploads\/2023\/07\/353b1c-betopan.png 1920w, https:\/\/www.esterno.com.tr\/wp-content\/uploads\/2023\/07\/353b1c-betopan-300x78.png 300w, https:\/\/www.esterno.com.tr\/wp-content\/uploads\/2023\/07\/353b1c-betopan-1024x267.png 1024w, https:\/\/www.esterno.com.tr\/wp-content\/uploads\/2023\/07\/353b1c-betopan-768x200.png 768w, https:\/\/www.esterno.com.tr\/wp-content\/uploads\/2023\/07\/353b1c-betopan-1536x400.png 1536w, https:\/\/www.esterno.com.tr\/wp-content\/uploads\/2023\/07\/353b1c-betopan-600x156.png 600w\" sizes=\"(max-width: 1920px) 100vw, 1920px\" \/>\t\t\t\t\t\t\t\t\t\t\t\t\t\t\t<\/div>\n\t\t\t\t<\/div>\n\t\t            <\/div>\n        <\/div>\n                            <\/div>\n        <\/section>\n                <section class=\"elementor-section elementor-top-section elementor-element elementor-element-6670b69 elementor-section-boxed elementor-section-height-default elementor-section-height-default ct-header-fixed-none ct-column-none ct-row-scroll-none ct-row-gradient--none\" data-id=\"6670b69\" data-element_type=\"section\">\n            \n                        <div class=\"elementor-container elementor-column-gap-default \">\n                    <div class=\"elementor-column elementor-col-100 elementor-top-column elementor-element elementor-element-ebcacf0 ct-column-none col-offset-none col-color-offset-none\" data-id=\"ebcacf0\" data-element_type=\"column\">\n            <div class=\"elementor-widget-wrap elementor-element-populated\">\n                        \t\t<div class=\"elementor-element elementor-element-bcb27ed elementor-widget elementor-widget-ct_tabs\" data-id=\"bcb27ed\" data-element_type=\"widget\" data-widget_type=\"ct_tabs.default\">\n\t\t\t\t<div class=\"elementor-widget-container\">\n\t\t\t<div class=\"ct-tabs ct-tabs1  content-type-text_editor\" data-wow-delay=\"ms\">\n    <div class=\"ct-tabs--main\">\n        <div class=\"ct-tabs-title\">\n                            <span class=\"ct-tab-title active\" data-target=\"#ct_tabs-bcb27ed-53a6c80\">\n                                                            A\u00e7\u0131klama        \n                <\/span>\n                            <span class=\"ct-tab-title \" data-target=\"#ct_tabs-bcb27ed-1493437\">\n                                                            \u00d6zellikler        \n                <\/span>\n                            <span class=\"ct-tab-title \" data-target=\"#ct_tabs-bcb27ed-870314e\">\n                                                            Stoklama \/ \u0130stifleme \/ Ta\u015f\u0131ma        \n                <\/span>\n                    <\/div>\n\n        <div class=\"ct-tabs-content\">\n                            <div class=\"ct-tab-content \" id=\"ct_tabs-bcb27ed-53a6c80\" style=\"display:block;\"><p><strong>35 y\u0131l\u0131 a\u015fan tecr\u00fcbe\u2026<\/strong><br \/><strong>\u00c7imento ve ah\u015fab\u0131n \u00fcst\u00fcn \u00f6zelliklerini biraraya getiren kompozit yap\u0131 levhas\u0131.<\/strong><\/p><p><strong>Betopan\u00ae,\u00a0<\/strong>\u00a0\u00a0yap\u0131larda temelden \u00e7at\u0131ya kullan\u0131labilen, d\u00fcz ve do\u011fal gri y\u00fczeyli, fonksiyonel bir \u00e7imentolu yonga levhad\u0131r.<\/p><p><strong>Kullan\u0131m avantajlar\u0131\u00a0<\/strong><\/p><hr \/><ul><li>G\u00f6r\u00fcn\u00fcm\u00fc ve yap\u0131sal \u00f6zellikleriyle yap\u0131larda temelden \u00e7at\u0131ya farkl\u0131 mimari ve yap\u0131sal \u00e7\u00f6z\u00fcmler sunar.<\/li><li>Prefabrik ve \u00e7elik binalar i\u00e7in geni\u015f uygulama alan\u0131 ile ideal bir yap\u0131 levhas\u0131d\u0131r.<\/li><li>Boya, y\u00fczey kaplamalar\u0131 ve duvar ka\u011f\u0131tlar\u0131yla bir biti\u015f malzemesi olarak kullan\u0131labilir.<\/li><li>\u0130\u00e7 ve d\u0131\u015f kaplama malzemelerinin alt levhas\u0131 olarak kullan\u0131labilir.<\/li><li>Zemin ve \u00e7at\u0131larda kaplama alt levhas\u0131 olarak kullan\u0131ma imkan verir.<\/li><li>Zemin \u0131s\u0131tma sistemlerinde kullan\u0131m.<\/li><li>Islak y\u00fczeylerde seramik kaplama alt\u0131 levhas\u0131 olarak kullan\u0131labilir.<\/li><li>Kolay montaj ve yenileme.<\/li><li>Kolay kesim ve delme.<\/li><li>Hafif ve ta\u015f\u0131mas\u0131 kolay.<\/li><li>Yap\u0131lar\u0131 farkl\u0131 hava ko\u015fullar\u0131ndan korur.<\/li><li>Is\u0131 ve ses yal\u0131t\u0131m\u0131na katk\u0131 sa\u011flar.<\/li><li>Mevsim de\u011fi\u015fimlerine dayan\u0131kl\u0131d\u0131r.<\/li><li>G\u00fcne\u015f \u0131\u015f\u0131nlar\u0131n\u0131n etkilerine dayan\u0131kl\u0131d\u0131r.<\/li><li>Su ve neme kar\u015f\u0131 dayan\u0131kl\u0131d\u0131r.<\/li><li>Darbelere dayan\u0131kl\u0131d\u0131r.<\/li><li>Biyolojik hayvansal at\u0131klara kar\u015f\u0131 dayan\u0131kl\u0131d\u0131r.<\/li><li>\u00c7evre dostudur, asbest i\u00e7ermez.<\/li><li>Kokusuzdur ve zararl\u0131 gaz sal\u0131n\u0131m\u0131 yoktur.<\/li><li>B\u00f6ceklenmez, \u00e7\u00fcr\u00fcmez, k\u00fcflenmez.<\/li><\/ul><p>Kullan\u0131m <strong>Alanlar\u0131<\/strong><\/p><hr \/><p><strong>\u0130\u00e7 Mekanlar<\/strong><\/p><ul><li>\u0130\u00e7 Duvar<\/li><li>Zemin \/ Y\u00fckseltilmi\u015f Zemin<\/li><li>Asma Kat<\/li><li>\u0130\u00e7 Mekan Tavan<\/li><li>Islak Y\u00fczeyler<\/li><li>Asans\u00f6r \u015eaft Duvarlar\u0131<\/li><\/ul><p><strong>D\u0131\u015f Mekanlar<\/strong><\/p><ul><li>D\u0131\u015f Duvar\u00a0(*)<\/li><li>\u00c7at\u0131<\/li><li>D\u0131\u015f Mekan Tavan\u00a0(*)<\/li><li>Sa\u00e7ak Al\u0131n,Sa\u00e7ak Alt\u0131\u00a0(*)<\/li><li>\u00c7itler,\u00e7evre duvarlar<\/li><\/ul><p><strong>(*)\u00a0<\/strong><strong>Sadece prefabrik ve hafif \u00e7elik yap\u0131lar i\u00e7indir.<\/strong><\/p><\/div>\n                            <div class=\"ct-tab-content \" id=\"ct_tabs-bcb27ed-1493437\"><p title=\"Standard Dimensions\"><strong>Standart \u00d6l\u00e7\u00fcler<\/strong><\/p><table class=\"table table-bordered\"><tbody><tr><th scope=\"row\"><p>Kal\u0131nl\u0131k<\/p><\/th><td>\u00a008,10, 12, 14, 16, 18, 20, 24, 26, 28, 30\u00a0 mm\u00a0\u00a0<\/td><\/tr><tr><th scope=\"row\"><p>Boyutlar\u00a0<\/p><\/th><td>1250 x 2500 mm<br \/>1250 x 2800 mm<br \/>1250 x 3000 mm<\/td><\/tr><\/tbody><\/table><p title=\"Technical Specifications\">Teknik \u00d6zellikler\u00a0\u00a0<\/p><table class=\"table table-bordered\"><tbody><tr><th scope=\"row\"><p><strong>Yo\u011funluk<\/strong><\/p><\/th><td>1300 \u00b1 50 kg\/m<sup>3<\/sup><\/td><\/tr><tr><th scope=\"row\"><p><strong>Malzeme Sevk Yo\u011funlu\u011fu<\/strong><\/p><\/th><td>1450 \u00b1 100 kg\/m<sup>3<\/sup><\/td><\/tr><tr><th scope=\"row\"><p><strong>Is\u0131 iletkenlik katsay\u0131s\u0131 ( 10\u00b0C kuru)<\/strong><\/p><\/th><td>0,15 W\/mK (10\u00b0C dry)<\/td><\/tr><tr><th scope=\"row\"><p><strong>E\u011filme Dayan\u0131m\u0131<\/strong><\/p><\/th><td>&gt;9 N\/mm<sup>2<\/sup><\/td><\/tr><tr><th scope=\"row\"><p><strong>E\u011filmede elastikiyet mod\u00fcl\u00fc<\/strong><\/p><\/th><td>&gt;4500 N\/mm<sup>2<\/sup>\u00a0<\/td><\/tr><tr><th scope=\"row\"><h4><strong>Yanmaya Diren\u00e7<\/strong><\/h4><\/th><td>B\u00a0s1 d0\u00a0( EN 13501-1 )<\/td><\/tr><\/tbody><\/table><\/div>\n                            <div class=\"ct-tab-content \" id=\"ct_tabs-bcb27ed-870314e\"><p><img decoding=\"async\" class=\"alignnone size-medium wp-image-9977\" src=\"https:\/\/alfayazilim.com.tr\/esterno\/wp-content\/uploads\/2023\/07\/Nakliye_Poster_22-212x300.jpg\" alt=\"\" width=\"212\" height=\"300\" srcset=\"https:\/\/www.esterno.com.tr\/wp-content\/uploads\/2023\/07\/Nakliye_Poster_22-212x300.jpg 212w, https:\/\/www.esterno.com.tr\/wp-content\/uploads\/2023\/07\/Nakliye_Poster_22-724x1024.jpg 724w, https:\/\/www.esterno.com.tr\/wp-content\/uploads\/2023\/07\/Nakliye_Poster_22-768x1086.jpg 768w, https:\/\/www.esterno.com.tr\/wp-content\/uploads\/2023\/07\/Nakliye_Poster_22-1086x1536.jpg 1086w, https:\/\/www.esterno.com.tr\/wp-content\/uploads\/2023\/07\/Nakliye_Poster_22-600x849.jpg 600w, https:\/\/www.esterno.com.tr\/wp-content\/uploads\/2023\/07\/Nakliye_Poster_22.jpg 1200w\" sizes=\"(max-width: 212px) 100vw, 212px\" \/><\/p><\/div>\n                    <\/div>\n    <\/div>\n<\/div>\t\t<\/div>\n\t\t\t\t<\/div>\n\t\t            <\/div>\n        <\/div>\n                            <\/div>\n        <\/section>\n        \t\t\t\t\t<\/div>\n\t\t","protected":false},"excerpt":{"rendered":"<p>\u00ae A\u00e7\u0131klama \u00d6zellikler Stoklama \/ \u0130stifleme \/ Ta\u015f\u0131ma 35 y\u0131l\u0131 a\u015fan tecr\u00fcbe\u2026\u00c7imento ve ah\u015fab\u0131n \u00fcst\u00fcn \u00f6zelliklerini biraraya getiren kompozit yap\u0131 levhas\u0131. Betopan\u00ae,\u00a0\u00a0\u00a0yap\u0131larda temelden \u00e7at\u0131ya kullan\u0131labilen, d\u00fcz ve do\u011fal gri y\u00fczeyli, fonksiyonel bir \u00e7imentolu yonga levhad\u0131r. Kullan\u0131m avantajlar\u0131\u00a0 G\u00f6r\u00fcn\u00fcm\u00fc ve yap\u0131sal \u00f6zellikleriyle yap\u0131larda temelden \u00e7at\u0131ya farkl\u0131 mimari ve yap\u0131sal \u00e7\u00f6z\u00fcmler sunar. Prefabrik ve \u00e7elik binalar i\u00e7in [&hellip;]<\/p>\n","protected":false},"author":1,"featured_media":0,"parent":9948,"menu_order":0,"comment_status":"closed","ping_status":"closed","template":"","meta":{"footnotes":""},"class_list":["post-9970","page","type-page","status-publish","hentry"],"_links":{"self":[{"href":"https:\/\/www.esterno.com.tr\/index.php\/wp-json\/wp\/v2\/pages\/9970","targetHints":{"allow":["GET"]}}],"collection":[{"href":"https:\/\/www.esterno.com.tr\/index.php\/wp-json\/wp\/v2\/pages"}],"about":[{"href":"https:\/\/www.esterno.com.tr\/index.php\/wp-json\/wp\/v2\/types\/page"}],"author":[{"embeddable":true,"href":"https:\/\/www.esterno.com.tr\/index.php\/wp-json\/wp\/v2\/users\/1"}],"replies":[{"embeddable":true,"href":"https:\/\/www.esterno.com.tr\/index.php\/wp-json\/wp\/v2\/comments?post=9970"}],"version-history":[{"count":43,"href":"https:\/\/www.esterno.com.tr\/index.php\/wp-json\/wp\/v2\/pages\/9970\/revisions"}],"predecessor-version":[{"id":10582,"href":"https:\/\/www.esterno.com.tr\/index.php\/wp-json\/wp\/v2\/pages\/9970\/revisions\/10582"}],"up":[{"embeddable":true,"href":"https:\/\/www.esterno.com.tr\/index.php\/wp-json\/wp\/v2\/pages\/9948"}],"wp:attachment":[{"href":"https:\/\/www.esterno.com.tr\/index.php\/wp-json\/wp\/v2\/media?parent=9970"}],"curies":[{"name":"wp","href":"https:\/\/api.w.org\/{rel}","templated":true}]}}